{"id":10081,"date":"2025-11-04T13:08:53","date_gmt":"2025-11-04T13:08:53","guid":{"rendered":"https:\/\/new.muwit.it\/?page_id=10081"},"modified":"2025-11-26T14:10:44","modified_gmt":"2025-11-26T14:10:44","slug":"__trashed-2","status":"publish","type":"page","link":"https:\/\/www.muwit.it\/it\/web-design-alto-adige\/__trashed-2\/","title":{"rendered":"Gailerhof"},"content":{"rendered":"\t\t<div data-elementor-type=\"wp-page\" data-elementor-id=\"10081\" class=\"elementor elementor-10081 elementor-10080\" data-elementor-post-type=\"page\">\n\t\t\t\t\t\t<section class=\"elementor-section elementor-top-section elementor-element elementor-element-43318ed elementor-section-full_width elementor-section-height-default elementor-section-height-default\" data-id=\"43318ed\" data-element_type=\"section\">\n\t\t\t\t\t\t<div class=\"elementor-container elementor-column-gap-no\">\n\t\t\t\t\t<div class=\"elementor-column elementor-col-100 elementor-top-column elementor-element elementor-element-89e5b35\" data-id=\"89e5b35\" data-element_type=\"column\" data-settings=\"{&quot;background_background&quot;:&quot;gradient&quot;}\">\n\t\t\t<div class=\"elementor-widget-wrap elementor-element-populated\">\n\t\t\t\t\t\t<div class=\"elementor-element elementor-element-a1c2bcd elementor-widget elementor-widget-image\" data-id=\"a1c2bcd\" data-element_type=\"widget\" data-settings=\"{&quot;motion_fx_motion_fx_scrolling&quot;:&quot;yes&quot;,&quot;motion_fx_scale_effect&quot;:&quot;yes&quot;,&quot;motion_fx_scale_speed&quot;:{&quot;unit&quot;:&quot;px&quot;,&quot;size&quot;:0.3,&quot;sizes&quot;:[]},&quot;motion_fx_scale_range&quot;:{&quot;unit&quot;:&quot;%&quot;,&quot;size&quot;:&quot;&quot;,&quot;sizes&quot;:{&quot;start&quot;:45,&quot;end&quot;:80}},&quot;motion_fx_scale_direction&quot;:&quot;out-in&quot;,&quot;motion_fx_devices&quot;:[&quot;desktop&quot;,&quot;tablet&quot;,&quot;mobile&quot;]}\" data-widget_type=\"image.default\">\n\t\t\t\t<div class=\"elementor-widget-container\">\n\t\t\t\t\t\t\t\t\t\t\t\t\t\t\t<img fetchpriority=\"high\" decoding=\"async\" width=\"2560\" height=\"1549\" src=\"https:\/\/www.muwit.it\/wp-content\/uploads\/2022\/12\/proderhof-webseite-muwit.jpg\" class=\"attachment-full size-full wp-image-6136\" alt=\"proderhof-webseite-muwit\" srcset=\"https:\/\/www.muwit.it\/wp-content\/uploads\/2022\/12\/proderhof-webseite-muwit.jpg 2560w, https:\/\/www.muwit.it\/wp-content\/uploads\/2022\/12\/proderhof-webseite-muwit-300x182.jpg 300w, https:\/\/www.muwit.it\/wp-content\/uploads\/2022\/12\/proderhof-webseite-muwit-1024x620.jpg 1024w, https:\/\/www.muwit.it\/wp-content\/uploads\/2022\/12\/proderhof-webseite-muwit-768x465.jpg 768w, https:\/\/www.muwit.it\/wp-content\/uploads\/2022\/12\/proderhof-webseite-muwit-1536x929.jpg 1536w, https:\/\/www.muwit.it\/wp-content\/uploads\/2022\/12\/proderhof-webseite-muwit-2048x1239.jpg 2048w\" sizes=\"(max-width: 2560px) 100vw, 2560px\" \/>\t\t\t\t\t\t\t\t\t\t\t\t\t\t\t<\/div>\n\t\t\t\t<\/div>\n\t\t\t\t\t<\/div>\n\t\t<\/div>\n\t\t\t\t\t<\/div>\n\t\t<\/section>\n\t\t\t\t<section class=\"elementor-section elementor-top-section elementor-element elementor-element-eb77950 elementor-section-full_width elementor-section-height-default elementor-section-height-default\" data-id=\"eb77950\" data-element_type=\"section\" data-settings=\"{&quot;background_background&quot;:&quot;classic&quot;}\">\n\t\t\t\t\t\t<div class=\"elementor-container elementor-column-gap-no\">\n\t\t\t\t\t<div class=\"elementor-column elementor-col-100 elementor-top-column elementor-element elementor-element-9770ace\" data-id=\"9770ace\" data-element_type=\"column\">\n\t\t\t<div class=\"elementor-widget-wrap elementor-element-populated\">\n\t\t\t\t\t\t<div class=\"elementor-element elementor-element-28eb018 elementor-widget elementor-widget-heading\" data-id=\"28eb018\" data-element_type=\"widget\" data-widget_type=\"heading.default\">\n\t\t\t\t<div class=\"elementor-widget-container\">\n\t\t\t\t\t<h2 class=\"elementor-heading-title elementor-size-default\">Proderhof<br \/> Natur im Herzen<\/h2>\t\t\t\t<\/div>\n\t\t\t\t<\/div>\n\t\t\t\t<div class=\"elementor-element elementor-element-dbcd647 elementor-widget elementor-widget-text-editor\" data-id=\"dbcd647\" data-element_type=\"widget\" data-widget_type=\"text-editor.default\">\n\t\t\t\t<div class=\"elementor-widget-container\">\n\t\t\t\t\t\t\t\t\t<div dir=\"auto\"><p>Die Natur im Herzen, die Gastfreundschaft im Blut!<\/p><p>Stephan und Verena f\u00fchren den landwirtschaftlichen Betrieb seit 2010. Im Jahr 2023 feiert der Proderhof sein 50-j\u00e4hriges Jubil\u00e4um. Zu diesem Anlass er\u00f6ffnet die Familie ihre neuen Suiten.\u00a0<\/p><p>Wir durften f\u00fcr den Proderhof die neue Webseite gestalten und einige Drucksorten entwerfen.<\/p><\/div><p><strong>Webseite, Drucksorten<\/strong><\/p>\t\t\t\t\t\t\t\t<\/div>\n\t\t\t\t<\/div>\n\t\t\t\t<div class=\"elementor-element elementor-element-7df08fb elementor-widget elementor-widget-heading\" data-id=\"7df08fb\" data-element_type=\"widget\" data-widget_type=\"heading.default\">\n\t\t\t\t<div class=\"elementor-widget-container\">\n\t\t\t\t\t<h3 class=\"elementor-heading-title elementor-size-default\"><a href=\"http:\/\/www.proderhof.it\" target=\"_blank\" title=\"www.joas.it\">www.proderhof.it<\/a><\/h3>\t\t\t\t<\/div>\n\t\t\t\t<\/div>\n\t\t\t\t<div class=\"elementor-element elementor-element-dac8eae elementor-view-default elementor-widget elementor-widget-icon\" data-id=\"dac8eae\" data-element_type=\"widget\" data-widget_type=\"icon.default\">\n\t\t\t\t<div class=\"elementor-widget-container\">\n\t\t\t\t\t\t\t<div class=\"elementor-icon-wrapper\">\n\t\t\t<a class=\"elementor-icon\" href=\"https:\/\/www.proderhof.it\" target=\"_blank\" title=\"www.schwarz.it\">\n\t\t\t<svg xmlns=\"http:\/\/www.w3.org\/2000\/svg\" id=\"bee9a36b-53ea-4109-9ef2-cc65ae13d202\" data-name=\"Layer 1\" viewBox=\"0 0 25.18 12\"><path d=\"M24,7c-.12,0-.22,0-.35,0H21.78l-3.3,3.3a1,1,0,0,0,0,1.4,1,1,0,0,0,1.4,0l5-5a.91.91,0,0,1-.7.3A1.43,1.43,0,0,1,24,7Z\"><\/path><path d=\"M24.88,5.3l-5-5a1,1,0,0,0-1.4,0,1,1,0,0,0,0,1.4L21.78,5h1.83C24.44,5,25,5.4,25,6s-.41.86-1,1a1.43,1.43,0,0,0,.22,0,.91.91,0,0,0,.7-.3A1,1,0,0,0,24.88,5.3Z\"><\/path><path d=\"M24,7c.63-.1,1-.45,1-1s-.56-1-1.39-1H1.39C.56,5,0,5.4,0,6S.56,7,1.39,7H23.61C23.74,7,23.84,7,24,7Z\"><\/path><\/svg>\t\t\t<\/a>\n\t\t<\/div>\n\t\t\t\t\t\t<\/div>\n\t\t\t\t<\/div>\n\t\t\t\t\t<\/div>\n\t\t<\/div>\n\t\t\t\t\t<\/div>\n\t\t<\/section>\n\t\t\t\t<section class=\"elementor-section elementor-top-section elementor-element elementor-element-869c3c4 elementor-section-full_width elementor-section-height-default elementor-section-height-default\" data-id=\"869c3c4\" data-element_type=\"section\">\n\t\t\t\t\t\t<div class=\"elementor-container elementor-column-gap-no\">\n\t\t\t\t\t<div class=\"elementor-column elementor-col-100 elementor-top-column elementor-element elementor-element-2f80df1\" data-id=\"2f80df1\" data-element_type=\"column\">\n\t\t\t<div class=\"elementor-widget-wrap elementor-element-populated\">\n\t\t\t\t\t\t<div class=\"elementor-element elementor-element-b94ed9d elementor-widget elementor-widget-image\" data-id=\"b94ed9d\" data-element_type=\"widget\" data-settings=\"{&quot;motion_fx_motion_fx_scrolling&quot;:&quot;yes&quot;,&quot;motion_fx_scale_effect&quot;:&quot;yes&quot;,&quot;motion_fx_scale_speed&quot;:{&quot;unit&quot;:&quot;px&quot;,&quot;size&quot;:1,&quot;sizes&quot;:[]},&quot;motion_fx_scale_range&quot;:{&quot;unit&quot;:&quot;%&quot;,&quot;size&quot;:&quot;&quot;,&quot;sizes&quot;:{&quot;start&quot;:21,&quot;end&quot;:100}},&quot;motion_fx_scale_direction&quot;:&quot;out-in&quot;,&quot;motion_fx_devices&quot;:[&quot;desktop&quot;,&quot;tablet&quot;,&quot;mobile&quot;]}\" data-widget_type=\"image.default\">\n\t\t\t\t<div class=\"elementor-widget-container\">\n\t\t\t\t\t\t\t\t\t\t\t\t\t\t\t<img decoding=\"async\" width=\"2560\" height=\"1549\" src=\"https:\/\/www.muwit.it\/wp-content\/uploads\/2022\/12\/proderhof-logo-design-muwit.jpg\" class=\"attachment-full size-full wp-image-6133\" alt=\"proderhof-logo-design-muwit\" srcset=\"https:\/\/www.muwit.it\/wp-content\/uploads\/2022\/12\/proderhof-logo-design-muwit.jpg 2560w, https:\/\/www.muwit.it\/wp-content\/uploads\/2022\/12\/proderhof-logo-design-muwit-300x182.jpg 300w, https:\/\/www.muwit.it\/wp-content\/uploads\/2022\/12\/proderhof-logo-design-muwit-1024x620.jpg 1024w, https:\/\/www.muwit.it\/wp-content\/uploads\/2022\/12\/proderhof-logo-design-muwit-768x465.jpg 768w, https:\/\/www.muwit.it\/wp-content\/uploads\/2022\/12\/proderhof-logo-design-muwit-1536x929.jpg 1536w, https:\/\/www.muwit.it\/wp-content\/uploads\/2022\/12\/proderhof-logo-design-muwit-2048x1239.jpg 2048w\" sizes=\"(max-width: 2560px) 100vw, 2560px\" \/>\t\t\t\t\t\t\t\t\t\t\t\t\t\t\t<\/div>\n\t\t\t\t<\/div>\n\t\t\t\t<div class=\"elementor-element elementor-element-c900a54 elementor-widget elementor-widget-image\" data-id=\"c900a54\" data-element_type=\"widget\" data-settings=\"{&quot;motion_fx_motion_fx_scrolling&quot;:&quot;yes&quot;,&quot;motion_fx_scale_effect&quot;:&quot;yes&quot;,&quot;motion_fx_scale_speed&quot;:{&quot;unit&quot;:&quot;px&quot;,&quot;size&quot;:1,&quot;sizes&quot;:[]},&quot;motion_fx_scale_range&quot;:{&quot;unit&quot;:&quot;%&quot;,&quot;size&quot;:&quot;&quot;,&quot;sizes&quot;:{&quot;start&quot;:21,&quot;end&quot;:100}},&quot;motion_fx_scale_direction&quot;:&quot;out-in&quot;,&quot;motion_fx_devices&quot;:[&quot;desktop&quot;,&quot;tablet&quot;,&quot;mobile&quot;]}\" data-widget_type=\"image.default\">\n\t\t\t\t<div class=\"elementor-widget-container\">\n\t\t\t\t\t\t\t\t\t\t\t\t\t\t\t<img decoding=\"async\" width=\"2560\" height=\"1549\" src=\"https:\/\/www.muwit.it\/wp-content\/uploads\/2022\/12\/proderhof-homepage-muwit.jpg\" class=\"attachment-full size-full wp-image-6138\" alt=\"\" srcset=\"https:\/\/www.muwit.it\/wp-content\/uploads\/2022\/12\/proderhof-homepage-muwit.jpg 2560w, https:\/\/www.muwit.it\/wp-content\/uploads\/2022\/12\/proderhof-homepage-muwit-300x182.jpg 300w, https:\/\/www.muwit.it\/wp-content\/uploads\/2022\/12\/proderhof-homepage-muwit-1024x620.jpg 1024w, https:\/\/www.muwit.it\/wp-content\/uploads\/2022\/12\/proderhof-homepage-muwit-768x465.jpg 768w, https:\/\/www.muwit.it\/wp-content\/uploads\/2022\/12\/proderhof-homepage-muwit-1536x929.jpg 1536w, https:\/\/www.muwit.it\/wp-content\/uploads\/2022\/12\/proderhof-homepage-muwit-2048x1239.jpg 2048w\" sizes=\"(max-width: 2560px) 100vw, 2560px\" \/>\t\t\t\t\t\t\t\t\t\t\t\t\t\t\t<\/div>\n\t\t\t\t<\/div>\n\t\t\t\t<div class=\"elementor-element elementor-element-adbe668 elementor-widget elementor-widget-heading\" data-id=\"adbe668\" data-element_type=\"widget\" data-widget_type=\"heading.default\">\n\t\t\t\t<div class=\"elementor-widget-container\">\n\t\t\t\t\t<h2 class=\"elementor-heading-title elementor-size-default\">Weitere<br \/> Projekte<\/h2>\t\t\t\t<\/div>\n\t\t\t\t<\/div>\n\t\t\t\t\t<\/div>\n\t\t<\/div>\n\t\t\t\t\t<\/div>\n\t\t<\/section>\n\t\t\t\t<section class=\"elementor-section elementor-top-section elementor-element elementor-element-1eaf601 elementor-section-full_width elementor-section-height-default elementor-section-height-default\" data-id=\"1eaf601\" data-element_type=\"section\">\n\t\t\t\t\t\t<div class=\"elementor-container elementor-column-gap-no\">\n\t\t\t\t\t<div class=\"elementor-column elementor-col-100 elementor-top-column elementor-element elementor-element-2c8d425\" data-id=\"2c8d425\" data-element_type=\"column\">\n\t\t\t<div class=\"elementor-widget-wrap\">\n\t\t\t\t\t\t\t<\/div>\n\t\t<\/div>\n\t\t\t\t\t<\/div>\n\t\t<\/section>\n\t\t\t\t<section class=\"elementor-section elementor-top-section elementor-element elementor-element-2969f56 elementor-section-full_width slogan-giessen elementor-section-height-default elementor-section-height-default\" data-id=\"2969f56\" data-element_type=\"section\" data-settings=\"{&quot;background_background&quot;:&quot;classic&quot;,&quot;background_motion_fx_motion_fx_mouse&quot;:&quot;yes&quot;,&quot;background_motion_fx_mouseTrack_effect&quot;:&quot;yes&quot;,&quot;background_motion_fx_mouseTrack_speed&quot;:{&quot;unit&quot;:&quot;px&quot;,&quot;size&quot;:1,&quot;sizes&quot;:[]}}\">\n\t\t\t\t\t\t<div class=\"elementor-container elementor-column-gap-no\">\n\t\t\t\t\t<div class=\"elementor-column elementor-col-100 elementor-top-column elementor-element elementor-element-8c43848\" data-id=\"8c43848\" data-element_type=\"column\">\n\t\t\t<div class=\"elementor-widget-wrap elementor-element-populated\">\n\t\t\t\t\t\t<div class=\"elementor-element elementor-element-a635667 elementor-absolute elementor-hidden-mobile elementor-widget elementor-widget-heading\" data-id=\"a635667\" data-element_type=\"widget\" data-settings=\"{&quot;_position&quot;:&quot;absolute&quot;}\" data-widget_type=\"heading.default\">\n\t\t\t\t<div class=\"elementor-widget-container\">\n\t\t\t\t\t<h2 class=\"elementor-heading-title elementor-size-default\">Pimp your<br \/>\nbusiness<\/h2>\t\t\t\t<\/div>\n\t\t\t\t<\/div>\n\t\t\t\t<div class=\"elementor-element elementor-element-d134502 elementor-absolute elementor-hidden-desktop elementor-hidden-tablet elementor-widget elementor-widget-heading\" data-id=\"d134502\" data-element_type=\"widget\" data-settings=\"{&quot;_position&quot;:&quot;absolute&quot;}\" data-widget_type=\"heading.default\">\n\t\t\t\t<div class=\"elementor-widget-container\">\n\t\t\t\t\t<h2 class=\"elementor-heading-title elementor-size-default\">Pimp your <br \/> business<\/h2>\t\t\t\t<\/div>\n\t\t\t\t<\/div>\n\t\t\t\t<div class=\"elementor-element elementor-element-3eff1a7 elementor-widget elementor-widget-global elementor-global-5106 elementor-widget-heading\" data-id=\"3eff1a7\" data-element_type=\"widget\" data-widget_type=\"heading.default\">\n\t\t\t\t<div class=\"elementor-widget-container\">\n\t\t\t\t\t<h3 class=\"elementor-heading-title elementor-size-default\"><a href=\"https:\/\/www.muwit.it\/muwit\/\">Termin<br \/> vereinbaren<\/a><\/h3>\t\t\t\t<\/div>\n\t\t\t\t<\/div>\n\t\t\t\t<div class=\"elementor-element elementor-element-c30634f elementor-view-default elementor-widget elementor-widget-global elementor-global-5109 elementor-widget-icon\" data-id=\"c30634f\" data-element_type=\"widget\" data-widget_type=\"icon.default\">\n\t\t\t\t<div class=\"elementor-widget-container\">\n\t\t\t\t\t\t\t<div class=\"elementor-icon-wrapper\">\n\t\t\t<a class=\"elementor-icon\" href=\"https:\/\/www.muwit.it\/muwit\/\">\n\t\t\t<svg xmlns=\"http:\/\/www.w3.org\/2000\/svg\" id=\"bee9a36b-53ea-4109-9ef2-cc65ae13d202\" data-name=\"Layer 1\" viewBox=\"0 0 25.18 12\"><path d=\"M24,7c-.12,0-.22,0-.35,0H21.78l-3.3,3.3a1,1,0,0,0,0,1.4,1,1,0,0,0,1.4,0l5-5a.91.91,0,0,1-.7.3A1.43,1.43,0,0,1,24,7Z\"><\/path><path d=\"M24.88,5.3l-5-5a1,1,0,0,0-1.4,0,1,1,0,0,0,0,1.4L21.78,5h1.83C24.44,5,25,5.4,25,6s-.41.86-1,1a1.43,1.43,0,0,0,.22,0,.91.91,0,0,0,.7-.3A1,1,0,0,0,24.88,5.3Z\"><\/path><path d=\"M24,7c.63-.1,1-.45,1-1s-.56-1-1.39-1H1.39C.56,5,0,5.4,0,6S.56,7,1.39,7H23.61C23.74,7,23.84,7,24,7Z\"><\/path><\/svg>\t\t\t<\/a>\n\t\t<\/div>\n\t\t\t\t\t\t<\/div>\n\t\t\t\t<\/div>\n\t\t\t\t\t<\/div>\n\t\t<\/div>\n\t\t\t\t\t<\/div>\n\t\t<\/section>\n\t\t\t\t<\/div>\n\t\t","protected":false},"excerpt":{"rendered":"<p>Proderhof Natur im Herzen Die Natur im Herzen, die Gastfreundschaft im Blut! Stephan und Verena f\u00fchren den landwirtschaftlichen Betrieb seit 2010. Im Jahr 2023 feiert der Proderhof sein 50-j\u00e4hriges Jubil\u00e4um. Zu diesem Anlass er\u00f6ffnet die Familie ihre neuen Suiten.&nbsp; Wir durften f\u00fcr den Proderhof die neue Webseite gestalten und einige Drucksorten entwerfen. Webseite, Drucksorten www.proderhof.it [&hellip;]<\/p>\n","protected":false},"author":1,"featured_media":10660,"parent":4324,"menu_order":-1,"comment_status":"closed","ping_status":"closed","template":"","meta":{"_acf_changed":false,"footnotes":""},"categories":[19,40],"tags":[],"class_list":["post-10081","page","type-page","status-publish","has-post-thumbnail","hentry","category-referenzen-it","category-referenzen-startseite"],"acf":[],"yoast_head":"<!-- This site is optimized with the Yoast SEO plugin v26.4 - https:\/\/yoast.com\/wordpress\/plugins\/seo\/ -->\n<title>Le migliori referenze dell&#039;agenzia pubblicitaria altoatesina MUWiT in Alto Adige: Gailerhof<\/title>\n<meta name=\"description\" content=\"L&#039;agenzia pubblicitaria Muwit dell&#039;Alto Adige presenta le sue migliori referenze: Gailerhof\" \/>\n<meta name=\"robots\" content=\"index, follow, max-snippet:-1, max-image-preview:large, max-video-preview:-1\" \/>\n<link rel=\"canonical\" href=\"https:\/\/www.muwit.it\/it\/web-design-alto-adige\/__trashed-2\/\" \/>\n<meta property=\"og:locale\" content=\"it_IT\" \/>\n<meta property=\"og:type\" content=\"article\" \/>\n<meta property=\"og:title\" content=\"Le migliori referenze dell&#039;agenzia pubblicitaria altoatesina MUWiT in Alto Adige: Gailerhof\" \/>\n<meta property=\"og:description\" content=\"L&#039;agenzia pubblicitaria Muwit dell&#039;Alto Adige presenta le sue migliori referenze: Gailerhof\" \/>\n<meta property=\"og:url\" content=\"https:\/\/www.muwit.it\/it\/web-design-alto-adige\/__trashed-2\/\" \/>\n<meta property=\"og:site_name\" content=\"Muwit\" \/>\n<meta property=\"article:publisher\" content=\"https:\/\/www.facebook.com\/muwitdesign\" \/>\n<meta property=\"article:modified_time\" content=\"2025-11-26T14:10:44+00:00\" \/>\n<meta property=\"og:image\" content=\"https:\/\/www.muwit.it\/wp-content\/uploads\/2025\/11\/Gailerhof_1-scaled.jpg\" \/>\n\t<meta property=\"og:image:width\" content=\"2560\" \/>\n\t<meta property=\"og:image:height\" content=\"2048\" \/>\n\t<meta property=\"og:image:type\" content=\"image\/jpeg\" \/>\n<meta name=\"twitter:card\" content=\"summary_large_image\" \/>\n<meta name=\"twitter:label1\" content=\"Tempo di lettura stimato\" \/>\n\t<meta name=\"twitter:data1\" content=\"7 minuti\" \/>\n<script type=\"application\/ld+json\" class=\"yoast-schema-graph\">{\"@context\":\"https:\/\/schema.org\",\"@graph\":[{\"@type\":\"WebPage\",\"@id\":\"https:\/\/www.muwit.it\/it\/web-design-alto-adige\/__trashed-2\/\",\"url\":\"https:\/\/www.muwit.it\/it\/web-design-alto-adige\/__trashed-2\/\",\"name\":\"Le migliori referenze dell'agenzia pubblicitaria altoatesina MUWiT in Alto Adige: Gailerhof\",\"isPartOf\":{\"@id\":\"https:\/\/www.muwit.it\/it\/#website\"},\"primaryImageOfPage\":{\"@id\":\"https:\/\/www.muwit.it\/it\/web-design-alto-adige\/__trashed-2\/#primaryimage\"},\"image\":{\"@id\":\"https:\/\/www.muwit.it\/it\/web-design-alto-adige\/__trashed-2\/#primaryimage\"},\"thumbnailUrl\":\"https:\/\/www.muwit.it\/wp-content\/uploads\/2025\/11\/Gailerhof_1-scaled.jpg\",\"datePublished\":\"2025-11-04T13:08:53+00:00\",\"dateModified\":\"2025-11-26T14:10:44+00:00\",\"description\":\"L'agenzia pubblicitaria Muwit dell'Alto Adige presenta le sue migliori referenze: Gailerhof\",\"breadcrumb\":{\"@id\":\"https:\/\/www.muwit.it\/it\/web-design-alto-adige\/__trashed-2\/#breadcrumb\"},\"inLanguage\":\"it-IT\",\"potentialAction\":[{\"@type\":\"ReadAction\",\"target\":[\"https:\/\/www.muwit.it\/it\/web-design-alto-adige\/__trashed-2\/\"]}]},{\"@type\":\"ImageObject\",\"inLanguage\":\"it-IT\",\"@id\":\"https:\/\/www.muwit.it\/it\/web-design-alto-adige\/__trashed-2\/#primaryimage\",\"url\":\"https:\/\/www.muwit.it\/wp-content\/uploads\/2025\/11\/Gailerhof_1-scaled.jpg\",\"contentUrl\":\"https:\/\/www.muwit.it\/wp-content\/uploads\/2025\/11\/Gailerhof_1-scaled.jpg\",\"width\":2560,\"height\":2048},{\"@type\":\"BreadcrumbList\",\"@id\":\"https:\/\/www.muwit.it\/it\/web-design-alto-adige\/__trashed-2\/#breadcrumb\",\"itemListElement\":[{\"@type\":\"ListItem\",\"position\":1,\"name\":\"Startseite\",\"item\":\"https:\/\/www.muwit.it\/it\/\"},{\"@type\":\"ListItem\",\"position\":2,\"name\":\"Referenze\",\"item\":\"https:\/\/www.muwit.it\/it\/web-design-alto-adige\/\"},{\"@type\":\"ListItem\",\"position\":3,\"name\":\"Gailerhof\"}]},{\"@type\":\"WebSite\",\"@id\":\"https:\/\/www.muwit.it\/it\/#website\",\"url\":\"https:\/\/www.muwit.it\/it\/\",\"name\":\"Muwit\",\"description\":\"Ideen aus der Werbeagentur\",\"publisher\":{\"@id\":\"https:\/\/www.muwit.it\/it\/#organization\"},\"potentialAction\":[{\"@type\":\"SearchAction\",\"target\":{\"@type\":\"EntryPoint\",\"urlTemplate\":\"https:\/\/www.muwit.it\/it\/?s={search_term_string}\"},\"query-input\":{\"@type\":\"PropertyValueSpecification\",\"valueRequired\":true,\"valueName\":\"search_term_string\"}}],\"inLanguage\":\"it-IT\"},{\"@type\":\"Organization\",\"@id\":\"https:\/\/www.muwit.it\/it\/#organization\",\"name\":\"Muwit d. Sandra Stablum\",\"url\":\"https:\/\/www.muwit.it\/it\/\",\"logo\":{\"@type\":\"ImageObject\",\"inLanguage\":\"it-IT\",\"@id\":\"https:\/\/www.muwit.it\/it\/#\/schema\/logo\/image\/\",\"url\":\"https:\/\/muwit.it\/wp-content\/uploads\/2022\/03\/brand-logo-muwit.svg\",\"contentUrl\":\"https:\/\/muwit.it\/wp-content\/uploads\/2022\/03\/brand-logo-muwit.svg\",\"width\":264,\"height\":42,\"caption\":\"Muwit d. Sandra Stablum\"},\"image\":{\"@id\":\"https:\/\/www.muwit.it\/it\/#\/schema\/logo\/image\/\"},\"sameAs\":[\"https:\/\/www.facebook.com\/muwitdesign\",\"https:\/\/www.instagram.com\/muwit_design\/\"]}]}<\/script>\n<!-- \/ Yoast SEO plugin. -->","yoast_head_json":{"title":"Le migliori referenze dell'agenzia pubblicitaria altoatesina MUWiT in Alto Adige: Gailerhof","description":"L'agenzia pubblicitaria Muwit dell'Alto Adige presenta le sue migliori referenze: Gailerhof","robots":{"index":"index","follow":"follow","max-snippet":"max-snippet:-1","max-image-preview":"max-image-preview:large","max-video-preview":"max-video-preview:-1"},"canonical":"https:\/\/www.muwit.it\/it\/web-design-alto-adige\/__trashed-2\/","og_locale":"it_IT","og_type":"article","og_title":"Le migliori referenze dell'agenzia pubblicitaria altoatesina MUWiT in Alto Adige: Gailerhof","og_description":"L'agenzia pubblicitaria Muwit dell'Alto Adige presenta le sue migliori referenze: Gailerhof","og_url":"https:\/\/www.muwit.it\/it\/web-design-alto-adige\/__trashed-2\/","og_site_name":"Muwit","article_publisher":"https:\/\/www.facebook.com\/muwitdesign","article_modified_time":"2025-11-26T14:10:44+00:00","og_image":[{"width":2560,"height":2048,"url":"https:\/\/www.muwit.it\/wp-content\/uploads\/2025\/11\/Gailerhof_1-scaled.jpg","type":"image\/jpeg"}],"twitter_card":"summary_large_image","twitter_misc":{"Tempo di lettura stimato":"7 minuti"},"schema":{"@context":"https:\/\/schema.org","@graph":[{"@type":"WebPage","@id":"https:\/\/www.muwit.it\/it\/web-design-alto-adige\/__trashed-2\/","url":"https:\/\/www.muwit.it\/it\/web-design-alto-adige\/__trashed-2\/","name":"Le migliori referenze dell'agenzia pubblicitaria altoatesina MUWiT in Alto Adige: Gailerhof","isPartOf":{"@id":"https:\/\/www.muwit.it\/it\/#website"},"primaryImageOfPage":{"@id":"https:\/\/www.muwit.it\/it\/web-design-alto-adige\/__trashed-2\/#primaryimage"},"image":{"@id":"https:\/\/www.muwit.it\/it\/web-design-alto-adige\/__trashed-2\/#primaryimage"},"thumbnailUrl":"https:\/\/www.muwit.it\/wp-content\/uploads\/2025\/11\/Gailerhof_1-scaled.jpg","datePublished":"2025-11-04T13:08:53+00:00","dateModified":"2025-11-26T14:10:44+00:00","description":"L'agenzia pubblicitaria Muwit dell'Alto Adige presenta le sue migliori referenze: Gailerhof","breadcrumb":{"@id":"https:\/\/www.muwit.it\/it\/web-design-alto-adige\/__trashed-2\/#breadcrumb"},"inLanguage":"it-IT","potentialAction":[{"@type":"ReadAction","target":["https:\/\/www.muwit.it\/it\/web-design-alto-adige\/__trashed-2\/"]}]},{"@type":"ImageObject","inLanguage":"it-IT","@id":"https:\/\/www.muwit.it\/it\/web-design-alto-adige\/__trashed-2\/#primaryimage","url":"https:\/\/www.muwit.it\/wp-content\/uploads\/2025\/11\/Gailerhof_1-scaled.jpg","contentUrl":"https:\/\/www.muwit.it\/wp-content\/uploads\/2025\/11\/Gailerhof_1-scaled.jpg","width":2560,"height":2048},{"@type":"BreadcrumbList","@id":"https:\/\/www.muwit.it\/it\/web-design-alto-adige\/__trashed-2\/#breadcrumb","itemListElement":[{"@type":"ListItem","position":1,"name":"Startseite","item":"https:\/\/www.muwit.it\/it\/"},{"@type":"ListItem","position":2,"name":"Referenze","item":"https:\/\/www.muwit.it\/it\/web-design-alto-adige\/"},{"@type":"ListItem","position":3,"name":"Gailerhof"}]},{"@type":"WebSite","@id":"https:\/\/www.muwit.it\/it\/#website","url":"https:\/\/www.muwit.it\/it\/","name":"Muwit","description":"Ideen aus der Werbeagentur","publisher":{"@id":"https:\/\/www.muwit.it\/it\/#organization"},"potentialAction":[{"@type":"SearchAction","target":{"@type":"EntryPoint","urlTemplate":"https:\/\/www.muwit.it\/it\/?s={search_term_string}"},"query-input":{"@type":"PropertyValueSpecification","valueRequired":true,"valueName":"search_term_string"}}],"inLanguage":"it-IT"},{"@type":"Organization","@id":"https:\/\/www.muwit.it\/it\/#organization","name":"Muwit d. Sandra Stablum","url":"https:\/\/www.muwit.it\/it\/","logo":{"@type":"ImageObject","inLanguage":"it-IT","@id":"https:\/\/www.muwit.it\/it\/#\/schema\/logo\/image\/","url":"https:\/\/muwit.it\/wp-content\/uploads\/2022\/03\/brand-logo-muwit.svg","contentUrl":"https:\/\/muwit.it\/wp-content\/uploads\/2022\/03\/brand-logo-muwit.svg","width":264,"height":42,"caption":"Muwit d. Sandra Stablum"},"image":{"@id":"https:\/\/www.muwit.it\/it\/#\/schema\/logo\/image\/"},"sameAs":["https:\/\/www.facebook.com\/muwitdesign","https:\/\/www.instagram.com\/muwit_design\/"]}]}},"_links":{"self":[{"href":"https:\/\/www.muwit.it\/it\/wp-json\/wp\/v2\/pages\/10081","targetHints":{"allow":["GET"]}}],"collection":[{"href":"https:\/\/www.muwit.it\/it\/wp-json\/wp\/v2\/pages"}],"about":[{"href":"https:\/\/www.muwit.it\/it\/wp-json\/wp\/v2\/types\/page"}],"author":[{"embeddable":true,"href":"https:\/\/www.muwit.it\/it\/wp-json\/wp\/v2\/users\/1"}],"replies":[{"embeddable":true,"href":"https:\/\/www.muwit.it\/it\/wp-json\/wp\/v2\/comments?post=10081"}],"version-history":[{"count":2,"href":"https:\/\/www.muwit.it\/it\/wp-json\/wp\/v2\/pages\/10081\/revisions"}],"predecessor-version":[{"id":10697,"href":"https:\/\/www.muwit.it\/it\/wp-json\/wp\/v2\/pages\/10081\/revisions\/10697"}],"up":[{"embeddable":true,"href":"https:\/\/www.muwit.it\/it\/wp-json\/wp\/v2\/pages\/4324"}],"wp:featuredmedia":[{"embeddable":true,"href":"https:\/\/www.muwit.it\/it\/wp-json\/wp\/v2\/media\/10660"}],"wp:attachment":[{"href":"https:\/\/www.muwit.it\/it\/wp-json\/wp\/v2\/media?parent=10081"}],"wp:term":[{"taxonomy":"category","embeddable":true,"href":"https:\/\/www.muwit.it\/it\/wp-json\/wp\/v2\/categories?post=10081"},{"taxonomy":"post_tag","embeddable":true,"href":"https:\/\/www.muwit.it\/it\/wp-json\/wp\/v2\/tags?post=10081"}],"curies":[{"name":"wp","href":"https:\/\/api.w.org\/{rel}","templated":true}]}}